{"id":235,"date":"2025-09-01T00:24:04","date_gmt":"2025-08-31T22:24:04","guid":{"rendered":"https:\/\/betterwithia.com\/?page_id=235"},"modified":"2025-09-02T00:52:59","modified_gmt":"2025-09-01T22:52:59","slug":"sobre-mi","status":"publish","type":"page","link":"https:\/\/betterwithia.com\/index.php\/sobre-mi\/","title":{"rendered":"Sobre mi"},"content":{"rendered":"\n<div class=\"wp-block-columns is-layout-flex wp-container-core-columns-is-layout-9d6595d7 wp-block-columns-is-layout-flex\">\n<div class=\"wp-block-column is-layout-flow wp-block-column-is-layout-flow\" style=\"flex-basis:15%\"><\/div>\n\n\n\n<div class=\"wp-block-column is-layout-flow wp-block-column-is-layout-flow\" style=\"flex-basis:70%\">\n<figure class=\"wp-block-image size-large\"><img loading=\"lazy\" decoding=\"async\" width=\"1160\" height=\"947\" src=\"https:\/\/betterwithia.com\/wp-content\/uploads\/2025\/09\/Marta_about-me_banner_c-1160x947.jpg\" alt=\"\" class=\"wp-image-236\" srcset=\"https:\/\/betterwithia.com\/wp-content\/uploads\/2025\/09\/Marta_about-me_banner_c-1160x947.jpg 1160w, https:\/\/betterwithia.com\/wp-content\/uploads\/2025\/09\/Marta_about-me_banner_c-800x653.jpg 800w, https:\/\/betterwithia.com\/wp-content\/uploads\/2025\/09\/Marta_about-me_banner_c-1536x1254.jpg 1536w, https:\/\/betterwithia.com\/wp-content\/uploads\/2025\/09\/Marta_about-me_banner_c-120x98.jpg 120w, https:\/\/betterwithia.com\/wp-content\/uploads\/2025\/09\/Marta_about-me_banner_c-90x73.jpg 90w, https:\/\/betterwithia.com\/wp-content\/uploads\/2025\/09\/Marta_about-me_banner_c-320x261.jpg 320w, https:\/\/betterwithia.com\/wp-content\/uploads\/2025\/09\/Marta_about-me_banner_c-560x457.jpg 560w, https:\/\/betterwithia.com\/wp-content\/uploads\/2025\/09\/Marta_about-me_banner_c-1920x1568.jpg 1920w, https:\/\/betterwithia.com\/wp-content\/uploads\/2025\/09\/Marta_about-me_banner_c.jpg 2000w\" sizes=\"auto, (max-width: 1160px) 100vw, 1160px\" \/><\/figure>\n\n\n\n<p>Hola, soy Marta !<\/p>\n\n\n\n<p>Tengo 38 a\u00f1os, vivo en Gran Canaria y llevo desde 2010 intentando descifrar c\u00f3mo sobrevivir (y crecer) en este loco mundo del marketing, el dise\u00f1o y la comunicaci\u00f3n. He pasado por empresas, agencias, he trabajado en un colegio y, ahora, formo parte del equipo de una tecnol\u00f3gica enfocada en digitalizaci\u00f3n hotelera donde lidero el \u00e1rea de marketing y comunicaci\u00f3n.<\/p>\n\n\n\n<p>Siempre he sido de las que no dejan de aprender \u2014a veces por curiosidad, a veces por pura necesidad de no quedarme fuera del mercado laboral (hola FOMO!). Con la inteligencia artificial me he ido formando, pero la velocidad a la que avanza todo es tan brutal que, como te despistes un momento, ya parece que vas a la cola.<\/p>\n\n\n\n<p>As\u00ed nace <strong>Better with IA<\/strong>: mi compromiso personal para reciclarme, aprender, equivocarme, probar, mejorar\u2026 y de paso, compartirlo todo aqu\u00ed.<\/p>\n\n\n\n<p>No esperes un blog acad\u00e9mico ni un manual para gur\u00fas de LinkedIn. Esto es m\u00e1s bien un espacio sencillo y honesto, donde hablo de c\u00f3mo la IA puede ayudarnos a ser mejores profesionales en ventas, comunicaci\u00f3n, marketing, dise\u00f1o, innovaci\u00f3n o gesti\u00f3n del cambio. Vamos, lo necesario para no sentir que la vida (y la tecnolog\u00eda) nos pasa por encima.<\/p>\n\n\n\n<p>Si t\u00fa tambi\u00e9n sientes que llegas tarde, que todo va demasiado r\u00e1pido y que necesitas ponerte al d\u00eda sin morir de aburrimiento\u2026 bienvenido\/a, estamos en el mismo barco<\/p>\n\n\n\n<p><\/p>\n\n\n\n<p><\/p>\n<\/div>\n\n\n\n<div class=\"wp-block-column is-layout-flow wp-block-column-is-layout-flow\" style=\"flex-basis:15%\"><\/div>\n<\/div>\n","protected":false},"excerpt":{"rendered":"<p>Hola, soy Marta ! Tengo 38 a\u00f1os, vivo en Gran Canaria y llevo desde 2010 intentando descifrar c\u00f3mo sobrevivir (y crecer) en este loco mundo del marketing, el dise\u00f1o y&hellip;<\/p>\n","protected":false},"author":1,"featured_media":0,"parent":0,"menu_order":0,"comment_status":"closed","ping_status":"closed","template":"","meta":{"footnotes":""},"class_list":["post-235","page","type-page","status-publish"],"_links":{"self":[{"href":"https:\/\/betterwithia.com\/index.php\/wp-json\/wp\/v2\/pages\/235","targetHints":{"allow":["GET"]}}],"collection":[{"href":"https:\/\/betterwithia.com\/index.php\/wp-json\/wp\/v2\/pages"}],"about":[{"href":"https:\/\/betterwithia.com\/index.php\/wp-json\/wp\/v2\/types\/page"}],"author":[{"embeddable":true,"href":"https:\/\/betterwithia.com\/index.php\/wp-json\/wp\/v2\/users\/1"}],"replies":[{"embeddable":true,"href":"https:\/\/betterwithia.com\/index.php\/wp-json\/wp\/v2\/comments?post=235"}],"version-history":[{"count":4,"href":"https:\/\/betterwithia.com\/index.php\/wp-json\/wp\/v2\/pages\/235\/revisions"}],"predecessor-version":[{"id":305,"href":"https:\/\/betterwithia.com\/index.php\/wp-json\/wp\/v2\/pages\/235\/revisions\/305"}],"wp:attachment":[{"href":"https:\/\/betterwithia.com\/index.php\/wp-json\/wp\/v2\/media?parent=235"}],"curies":[{"name":"wp","href":"https:\/\/api.w.org\/{rel}","templated":true}]}}